{"id":42,"date":"2024-02-12T20:37:34","date_gmt":"2024-02-12T20:37:34","guid":{"rendered":"https:\/\/gs377.scout.es\/?page_id=42"},"modified":"2024-02-12T20:37:35","modified_gmt":"2024-02-12T20:37:35","slug":"seccion-scout-gilwell","status":"publish","type":"page","link":"https:\/\/gs377.scout.es\/index.php\/seccion-scout-gilwell\/","title":{"rendered":"Secci\u00f3n Scout Gilwell"},"content":{"rendered":"\n<p><br>En esta etapa los ni\u00f1os y ni\u00f1as de 12 a 15 a\u00f1os forman parte de la Secci\u00f3n Scout o Tropa. Es el momento o etapa educativa de la afirmaci\u00f3n de uno mismo, el deseo de aventura se hace m\u00e1s patente, se desarrolla el car\u00e1cter, las actitudes y la capacidad de convivir en grupo, enriqueci\u00e9ndose personalmente.<\/p>\n\n\n\n<p>En la Secci\u00f3n Scout se trabaja en Patrullas. La vida en estos peque\u00f1os grupos potencia el compromiso personal y el trabajo en equipo. Eligen sus propios l\u00edderes, programan actividades con apoyo de sus educadores. Los scouts adquieren as\u00ed sus propias responsabilidades y aprenden el valor de trabajar en equipo, adem\u00e1s de fomentar la competitividad sana y el gran uso de t\u00e9cnicas scouts.<\/p>\n\n\n\n<p>Actualmente las patrullas que est\u00e1n en activo son; \u00c1guilas y Halcones. Cada una de ellas se autogestiona de forma que se asumen roles internos entre los miembros de la patrulla para conseguir sus objetivos, ya sea un proyecto o aventura. La asunci\u00f3n de responsabilidades y la autosuficiencia de las personas que forman parte de la secci\u00f3n scout son fundamentales para su desarrollo personal.<\/p>\n","protected":false},"excerpt":{"rendered":"<p>En esta etapa los ni\u00f1os y ni\u00f1as de 12 a 15 a\u00f1os forman parte de la Secci\u00f3n Scout o Tropa. Es el momento o etapa educativa de la afirmaci\u00f3n de uno mismo, el deseo de aventura se hace m\u00e1s patente, se desarrolla el car\u00e1cter, las actitudes y la capacidad de convivir en grupo, enriqueci\u00e9ndose personalmente. [&hellip;]<\/p>\n","protected":false},"author":2,"featured_media":0,"parent":0,"menu_order":0,"comment_status":"closed","ping_status":"closed","template":"","meta":{"footnotes":""},"class_list":["post-42","page","type-page","status-publish","hentry"],"_links":{"self":[{"href":"https:\/\/gs377.scout.es\/index.php\/wp-json\/wp\/v2\/pages\/42","targetHints":{"allow":["GET"]}}],"collection":[{"href":"https:\/\/gs377.scout.es\/index.php\/wp-json\/wp\/v2\/pages"}],"about":[{"href":"https:\/\/gs377.scout.es\/index.php\/wp-json\/wp\/v2\/types\/page"}],"author":[{"embeddable":true,"href":"https:\/\/gs377.scout.es\/index.php\/wp-json\/wp\/v2\/users\/2"}],"replies":[{"embeddable":true,"href":"https:\/\/gs377.scout.es\/index.php\/wp-json\/wp\/v2\/comments?post=42"}],"version-history":[{"count":1,"href":"https:\/\/gs377.scout.es\/index.php\/wp-json\/wp\/v2\/pages\/42\/revisions"}],"predecessor-version":[{"id":43,"href":"https:\/\/gs377.scout.es\/index.php\/wp-json\/wp\/v2\/pages\/42\/revisions\/43"}],"wp:attachment":[{"href":"https:\/\/gs377.scout.es\/index.php\/wp-json\/wp\/v2\/media?parent=42"}],"curies":[{"name":"wp","href":"https:\/\/api.w.org\/{rel}","templated":true}]}}