{"id":40,"date":"2024-02-12T20:38:44","date_gmt":"2024-02-12T20:38:44","guid":{"rendered":"https:\/\/gs377.scout.es\/?page_id=40"},"modified":"2024-02-12T20:38:55","modified_gmt":"2024-02-12T20:38:55","slug":"colonia","status":"publish","type":"page","link":"https:\/\/gs377.scout.es\/index.php\/colonia\/","title":{"rendered":"Colonia Penyagolosa"},"content":{"rendered":"\n<p>La secci\u00f3n Scout Colonia es la primera etapa dentro del movimiento scout, dise\u00f1ada para ni\u00f1os y ni\u00f1as de edades comprendidas entre los 6 y los 8 a\u00f1os. La colonia se basa en el libro \u201cLos amigos del bosque\u201d, utilizado para facilitar la adaptaci\u00f3n al grupo y dotarlo de una ambientaci\u00f3n m\u00e1s divertida y comprensible. Se utiliza dicho marco para hacer una inmersi\u00f3n divertida en el escultismo donde los castores y castoras aprender\u00e1n de los Grandes castores (scouters\/monitores) con su lema \u201cCompartir\u201d y los cinco consejos de Malak.<\/p>\n\n\n\n<p>En la secci\u00f3n de castores, los ni\u00f1os participan en actividades creativas, juegos, canciones y manualidades adaptadas a su edad para desarrollar habilidades motoras, aprender a trabajar en equipo, adquirir conocimientos sobre la naturaleza y desarrollarse en valores como el respeto, la amistad y la responsabilidad.<\/p>\n\n\n\n<p>En resumen, la secci\u00f3n Scout Colonia es una etapa temprana dentro del movimiento scout que se enfoca en el desarrollo integral de ni\u00f1os y ni\u00f1as a trav\u00e9s de actividades al aire libre, juegos, valores y aprendizaje cooperativo. Les brinda la oportunidad de explorar la naturaleza, hacer amigos y desarrollar habilidades que les ser\u00e1n \u00fatiles a lo largo&nbsp;de&nbsp;sus&nbsp;vidas.<\/p>\n","protected":false},"excerpt":{"rendered":"<p>La secci\u00f3n Scout Colonia es la primera etapa dentro del movimiento scout, dise\u00f1ada para ni\u00f1os y ni\u00f1as de edades comprendidas entre los 6 y los 8 a\u00f1os. La colonia se basa en el libro \u201cLos amigos del bosque\u201d, utilizado para facilitar la adaptaci\u00f3n al grupo y dotarlo de una ambientaci\u00f3n m\u00e1s divertida y comprensible. Se [&hellip;]<\/p>\n","protected":false},"author":2,"featured_media":0,"parent":0,"menu_order":0,"comment_status":"closed","ping_status":"closed","template":"","meta":{"footnotes":""},"class_list":["post-40","page","type-page","status-publish","hentry"],"_links":{"self":[{"href":"https:\/\/gs377.scout.es\/index.php\/wp-json\/wp\/v2\/pages\/40","targetHints":{"allow":["GET"]}}],"collection":[{"href":"https:\/\/gs377.scout.es\/index.php\/wp-json\/wp\/v2\/pages"}],"about":[{"href":"https:\/\/gs377.scout.es\/index.php\/wp-json\/wp\/v2\/types\/page"}],"author":[{"embeddable":true,"href":"https:\/\/gs377.scout.es\/index.php\/wp-json\/wp\/v2\/users\/2"}],"replies":[{"embeddable":true,"href":"https:\/\/gs377.scout.es\/index.php\/wp-json\/wp\/v2\/comments?post=40"}],"version-history":[{"count":2,"href":"https:\/\/gs377.scout.es\/index.php\/wp-json\/wp\/v2\/pages\/40\/revisions"}],"predecessor-version":[{"id":59,"href":"https:\/\/gs377.scout.es\/index.php\/wp-json\/wp\/v2\/pages\/40\/revisions\/59"}],"wp:attachment":[{"href":"https:\/\/gs377.scout.es\/index.php\/wp-json\/wp\/v2\/media?parent=40"}],"curies":[{"name":"wp","href":"https:\/\/api.w.org\/{rel}","templated":true}]}}