{"id":35,"date":"2024-02-12T20:37:59","date_gmt":"2024-02-12T20:37:59","guid":{"rendered":"https:\/\/gs377.scout.es\/?page_id=35"},"modified":"2024-02-12T20:37:59","modified_gmt":"2024-02-12T20:37:59","slug":"esculta-columbretes","status":"publish","type":"page","link":"https:\/\/gs377.scout.es\/index.php\/esculta-columbretes\/","title":{"rendered":"Esculta Columbretes"},"content":{"rendered":"\n<p>De los 15 a los 18 a\u00f1os los chicos y chicas empiezan a trabajar en la Unidad Esculta. Este es un momento crucial para las ideas, los interrogantes y las ambiciones. Los Escultas empiezan a perfilar su personalidad definitiva. El grupo de convivencia empieza a cobrar una enorme importancia y se hacen hombres y mujeres activos. No aceptan el ocio pasivo y dirigido que se oferta a los j\u00f3venes.<\/p>\n\n\n\n<p>Elaboran sus propios proyectos, abiertos al servicio comunitario, se abren a la sociedad y afianzan su pertenencia y responsabilidad ciudadana. Conciben sus propios \u201cproyectos de cambio\u201d y \u201cempresas\u201d desde la idea hasta la ejecuci\u00f3n, con la mera supervisi\u00f3n del educador adulto. Se responsabilizan de sus acciones y se impulsan en su propia motivaci\u00f3n. Son ellos y ellas quienes idean las actividades que van a realizar y en muchas ocasiones, quienes&nbsp;las&nbsp;dirigen.<\/p>\n","protected":false},"excerpt":{"rendered":"<p>De los 15 a los 18 a\u00f1os los chicos y chicas empiezan a trabajar en la Unidad Esculta. Este es un momento crucial para las ideas, los interrogantes y las ambiciones. Los Escultas empiezan a perfilar su personalidad definitiva. El grupo de convivencia empieza a cobrar una enorme importancia y se hacen hombres y mujeres [&hellip;]<\/p>\n","protected":false},"author":2,"featured_media":0,"parent":0,"menu_order":0,"comment_status":"closed","ping_status":"closed","template":"","meta":{"footnotes":""},"class_list":["post-35","page","type-page","status-publish","hentry"],"_links":{"self":[{"href":"https:\/\/gs377.scout.es\/index.php\/wp-json\/wp\/v2\/pages\/35","targetHints":{"allow":["GET"]}}],"collection":[{"href":"https:\/\/gs377.scout.es\/index.php\/wp-json\/wp\/v2\/pages"}],"about":[{"href":"https:\/\/gs377.scout.es\/index.php\/wp-json\/wp\/v2\/types\/page"}],"author":[{"embeddable":true,"href":"https:\/\/gs377.scout.es\/index.php\/wp-json\/wp\/v2\/users\/2"}],"replies":[{"embeddable":true,"href":"https:\/\/gs377.scout.es\/index.php\/wp-json\/wp\/v2\/comments?post=35"}],"version-history":[{"count":3,"href":"https:\/\/gs377.scout.es\/index.php\/wp-json\/wp\/v2\/pages\/35\/revisions"}],"predecessor-version":[{"id":56,"href":"https:\/\/gs377.scout.es\/index.php\/wp-json\/wp\/v2\/pages\/35\/revisions\/56"}],"wp:attachment":[{"href":"https:\/\/gs377.scout.es\/index.php\/wp-json\/wp\/v2\/media?parent=35"}],"curies":[{"name":"wp","href":"https:\/\/api.w.org\/{rel}","templated":true}]}}